{"id":429,"date":"2024-05-30T17:35:33","date_gmt":"2024-05-30T14:35:33","guid":{"rendered":"http:\/\/haukiputaantaideyhdistys.fi\/?page_id=429"},"modified":"2024-05-30T17:35:33","modified_gmt":"2024-05-30T14:35:33","slug":"yhdistyksen-saannot","status":"publish","type":"page","link":"http:\/\/haukiputaantaideyhdistys.fi\/?page_id=429","title":{"rendered":"Yhdistyksen s\u00e4\u00e4nn\u00f6t"},"content":{"rendered":"\n<p>(Hyv\u00e4ksytty yhdistyksen syyskokouksessa 8.11.2023)<\/p>\n\n\n\n<h2 class=\"wp-block-heading\">1 Yhdistyksen nimi ja kotipaikka<\/h2>\n\n\n\n<p>Yhdistyksen nimi on Haukiputaan taideyhdistys ry ja sen kotipaikka on Haukipudas.<\/p>\n\n\n\n<h2 class=\"wp-block-heading\">2 Tarkoitus ja toiminnan laatu<\/h2>\n\n\n\n<p>Yhdistyksen tarkoitus on edist\u00e4\u00e4 j\u00e4sentens\u00e4 taiteen harrastus- ja<br>kehittymismahdollisuuksia, toimia yhdyssiteen\u00e4 taiteen harrastajien v\u00e4lill\u00e4 sek\u00e4<br>edist\u00e4\u00e4 kanssak\u00e4ymist\u00e4 alan muihin j\u00e4rjest\u00f6ihin ja yhteis\u00f6ihin.<\/p>\n\n\n\n<p>Tarkoituksensa toteuttamiseksi yhdistys j\u00e4rjest\u00e4\u00e4 taiden\u00e4yttelyit\u00e4,<br>koulutustilaisuuksia ja j\u00e4senille kulttuurimatkoja sek\u00e4 virkistystilaisuuksia keskin\u00e4isen<br>vuorovaikutuksen edist\u00e4miseksi.<\/p>\n\n\n\n<p>Toimintansa tukemiseksi yhdistys ker\u00e4\u00e4 j\u00e4senmaksuja, j\u00e4rjest\u00e4\u00e4 arpajaisia, myyj\u00e4isi\u00e4<br>ja kursseja. Yhdistys voi ottaa vastaan avustuksia ja lahjoituksia.<\/p>\n\n\n\n<h2 class=\"wp-block-heading\">3 J\u00e4senet<\/h2>\n\n\n\n<p>Yhdistyksen varsinaiseksi j\u00e4seneksi voidaan hyv\u00e4ksy\u00e4 henkil\u00f6, joka hyv\u00e4ksyy<br>yhdistyksen tarkoituksen ja s\u00e4\u00e4nn\u00f6t.<\/p>\n\n\n\n<p>Kannatusj\u00e4seneksi voidaan hyv\u00e4ksy\u00e4 yksityinen henkil\u00f6 tai oikeuskelpoinen yhteis\u00f6,<br>joka haluaa tukea yhdistyksen tarkoitusta ja toimintaa.<\/p>\n\n\n\n<p>Varsinaiset j\u00e4senet ja kannatusj\u00e4senet hyv\u00e4ksyy hakemuksesta yhdistyksen hallitus.<br>Kunniapuheenjohtajaksi tai kunniaj\u00e4seneksi voidaan hallituksen esityksest\u00e4<br>yhdistyksen kokouksessa kutsua henkil\u00f6, joka on huomattavasti edist\u00e4nyt ja tukenut<br>yhdistyksen toimintaa.<\/p>\n\n\n\n<h2 class=\"wp-block-heading\">4 J\u00e4senen eroaminen ja erottaminen<\/h2>\n\n\n\n<p>J\u00e4senell\u00e4 on oikeus erota yhdistyksest\u00e4 ilmoittamalla siit\u00e4 kirjallisesti hallitukselle tai<br>sen puheenjohtajalle taikka ilmoittamalla erosta yhdistyksen kokouksessa<br>merkitt\u00e4v\u00e4ksi p\u00f6yt\u00e4kirjaan.<\/p>\n\n\n\n<p>Hallitus voi erottaa j\u00e4senen yhdistyksest\u00e4, jos j\u00e4sen on j\u00e4tt\u00e4nyt er\u00e4\u00e4ntyneen<br>j\u00e4senmaksunsa maksamatta kahden vuoden ajan tai on muuten j\u00e4tt\u00e4nyt t\u00e4ytt\u00e4m\u00e4tt\u00e4<br>ne velvoitukset, joihin yhdistykseen liittym\u00e4ll\u00e4 sitoutunut tai menettelyll\u00e4\u00e4n<br>yhdistyksess\u00e4 tai sen ulkopuolella huomattavasti vahingoittanut yhdistyst\u00e4 tai ei en\u00e4\u00e4<br>t\u00e4yt\u00e4 laissa taikka yhdistyksen s\u00e4\u00e4nn\u00f6iss\u00e4 mainittuja j\u00e4senyyden ehtoja.<\/p>\n\n\n\n<h2 class=\"wp-block-heading\">5 J\u00e4senmaksu<\/h2>\n\n\n\n<p>Varsinaisilta j\u00e4senilt\u00e4 ja kannatusj\u00e4senilt\u00e4 peritt\u00e4v\u00e4n vuotuisen j\u00e4senmaksun<br>suuruudesta erikseen kummallekin j\u00e4senryhm\u00e4lle p\u00e4\u00e4tt\u00e4\u00e4 syyskokous.<br>Kunniapuheenjohtaja ja kunniaj\u00e4senet eiv\u00e4t suorita j\u00e4senmaksuja.<\/p>\n\n\n\n<h2 class=\"wp-block-heading\">6 Hallitus<\/h2>\n\n\n\n<p>Yhdistyksen asioita hoitaa hallitus, johon kuuluu syyskokouksessa kahdeksi<br>kalenterivuodeksi kerrallaan valitut puheenjohtaja ja nelj\u00e4 muuta varsinaista j\u00e4sent\u00e4,<br>joista vuosittain on erovuorossa puolet sek\u00e4 v\u00e4hint\u00e4\u00e4n yksi varaj\u00e4sen<br>kalenterivuodeksi kerrallaan.<\/p>\n\n\n\n<p>Hallitus valitsee keskuudestaan varapuheenjohtajan sek\u00e4 ottaa keskuudestaan tai<br>sen ulkopuolta sihteerin, rahastonhoitajan ja muut tarvittavat toimihenkil\u00f6t.<\/p>\n\n\n\n<p>Hallitus kokoontuu puheenjohtajan tai h\u00e4nen estyneen\u00e4 ollessaan<br>varapuheenjohtajan kutsusta, kun he katsovat siihen olevan aihetta tai kun v\u00e4hint\u00e4\u00e4n<br>puolet hallituksen j\u00e4senist\u00e4 sit\u00e4 vaatii. Hallituksen kokouksesta on ilmoitettava sen<br>j\u00e4senille v\u00e4hint\u00e4\u00e4n kolme vuorokautta ennen kokousta.<\/p>\n\n\n\n<p>Hallitus on p\u00e4\u00e4t\u00f6svaltainen, kun v\u00e4hint\u00e4\u00e4n puolet sen j\u00e4senist\u00e4, puheenjohtaja ja<br>varapuheenjohtaja mukaan luettuna on l\u00e4sn\u00e4. \u00c4\u00e4nestykset ratkaistaan<br>yksinkertaisella \u00e4\u00e4nten enemmist\u00f6ll\u00e4. \u00c4\u00e4nten menness\u00e4 tasan ratkaisee<br>puheenjohtajan \u00e4\u00e4ni, henkil\u00f6vaaleissa kuitenkin arpa.<\/p>\n\n\n\n<h2 class=\"wp-block-heading\">7 Yhdistyksen nimen kirjoittaminen<\/h2>\n\n\n\n<p>Yhdistyksen nimen kirjoittavat hallituksen puheenjohtaja ja varapuheenjohtaja<br>yhdess\u00e4 tai jompikumpi yhdess\u00e4 sihteerin tai rahastonhoitajan kanssa tai hallituksen<br>t\u00e4h\u00e4n m\u00e4\u00e4r\u00e4\u00e4m\u00e4 toimihenkil\u00f6 yksin.<\/p>\n\n\n\n<h2 class=\"wp-block-heading\">8 Tilikausi ja tilintarkastus<\/h2>\n\n\n\n<p>Yhdistyksen tilikausi on kalenterivuosi.<\/p>\n\n\n\n<p>Tilinp\u00e4\u00e4t\u00f6s tarvittavine asiakirjoineen ja hallituksen vuosikertomus on annettava<br>toiminnantarkastajille viimeist\u00e4\u00e4n kolme viikkoa ennen kev\u00e4tkokousta.<br>Toiminnantarkastajan tulee antaa kirjallinen lausuntonsa viimeist\u00e4\u00e4n kaksi viikkoa<br>ennen kev\u00e4tkokousta hallitukselle.<\/p>\n\n\n\n<h2 class=\"wp-block-heading\">9 Yhdistyksen kokoukset<\/h2>\n\n\n\n<p>Yhdistys pit\u00e4\u00e4 vuosittain kaksi varsinaista kokousta. Yhdistyksen kev\u00e4tkokous<br>pidet\u00e4\u00e4n tammi- toukokuussa ja syyskokous syys- joulukuussa hallituksen<br>m\u00e4\u00e4r\u00e4\u00e4m\u00e4n\u00e4 p\u00e4iv\u00e4n\u00e4.<\/p>\n\n\n\n<p>Ylim\u00e4\u00e4r\u00e4inen kokous pidet\u00e4\u00e4n, kun yhdistyksen kokous niin p\u00e4\u00e4tt\u00e4\u00e4 tai kun hallitus<br>katsoo siihen olevan aihetta tai kun v\u00e4hint\u00e4\u00e4n kymmenesosa (1\/10) yhdistyksen<br>\u00e4\u00e4nioikeutetuista j\u00e4senist\u00e4 sit\u00e4 hallitukselta erityisesti ilmoitettua asiaa varten<br>kirjallisesti vaatii. Kokous on pidett\u00e4v\u00e4 kolmenkymmenen vuorokauden kuluessa<br>siit\u00e4, kun vaatimus sen pit\u00e4misest\u00e4 on j\u00e4tetty jollekin hallituksen j\u00e4senelle.<\/p>\n\n\n\n<p>Yhdistyksen kokouksissa on jokaisella varsinaisella j\u00e4senell\u00e4, kunniapuheenjohtajalla<br>ja kunniaj\u00e4senell\u00e4 yksi \u00e4\u00e4ni. Kannatusj\u00e4senell\u00e4 on kokouksessa l\u00e4sn\u00e4olo- ja<br>puheoikeus.<\/p>\n\n\n\n<p>Yhdistyksen p\u00e4\u00e4t\u00f6kseksi tulee, ellei s\u00e4\u00e4nn\u00f6iss\u00e4 ole toisin m\u00e4\u00e4r\u00e4tty, se mielipide, jota<br>on kannattanut yli puolet annetuista \u00e4\u00e4nist\u00e4. \u00c4\u00e4nten menness\u00e4 tasan ratkaisee<br>kokouksen puheenjohtajan \u00e4\u00e4ni, henkil\u00f6vaaleissa kuitenkin arpa.<\/p>\n\n\n\n<h2 class=\"wp-block-heading\">10 Yhdistyksen kokouksen koollekutsuminen<\/h2>\n\n\n\n<p>Hallituksen on kutsuttava yhdistyksen kokoukset koolle v\u00e4hint\u00e4\u00e4n 14 vuorokautta<br>ennen kokousta j\u00e4senille l\u00e4hetetyll\u00e4 s\u00e4hk\u00f6postilla.<\/p>\n\n\n\n<h2 class=\"wp-block-heading\">11 Varsinaiset kokoukset<\/h2>\n\n\n\n<h3 class=\"wp-block-heading\">Yhdistyksen kev\u00e4tkokouksessa k\u00e4sitell\u00e4\u00e4n seuraavat asiat:<\/h3>\n\n\n\n<ul class=\"wp-block-list\">\n<li>kokouksen avaus<\/li>\n\n\n\n<li>valitaan kokouksen puheenjohtaja, sihteeri, kaksi p\u00f6yt\u00e4kirjan tarkastajaa ja<br>tarvittaessa \u00e4\u00e4ntenlaskijaa<\/li>\n\n\n\n<li>todetaan kokouksen laillisuus ja p\u00e4\u00e4t\u00f6svaltaisuus<\/li>\n\n\n\n<li>hyv\u00e4ksyt\u00e4\u00e4n kokouksen ty\u00f6j\u00e4rjestys<\/li>\n\n\n\n<li>esitet\u00e4\u00e4n tilinp\u00e4\u00e4t\u00f6s, vuosikertomus ja tilintarkastajien lausunto<\/li>\n\n\n\n<li>p\u00e4\u00e4tet\u00e4\u00e4n tilinp\u00e4\u00e4t\u00f6ksen vahvistamisesta ja toimintakertomuksen<br>hyv\u00e4ksymisest\u00e4 sek\u00e4 vastuuvapauden my\u00f6nt\u00e4misest\u00e4 hallitukselle ja muille<br>vastuuvelvollisille<\/li>\n\n\n\n<li>k\u00e4sitell\u00e4\u00e4n muut kutsussa mainitut asiat<\/li>\n<\/ul>\n\n\n\n<h3 class=\"wp-block-heading\">Yhdistyksen syyskokouksessa k\u00e4sitell\u00e4\u00e4n seuraavat asiat:<\/h3>\n\n\n\n<ul class=\"wp-block-list\">\n<li>kokouksen avaus<\/li>\n\n\n\n<li>valitaan kokouksen puheenjohtaja, sihteeri, kaksi p\u00f6yt\u00e4kirjan tarkastajaa ja<br>tarvittaessa \u00e4\u00e4ntenlaskijaa<\/li>\n\n\n\n<li>todetaan kokouksen laillisuus ja p\u00e4\u00e4t\u00f6svaltaisuus<\/li>\n\n\n\n<li>hyv\u00e4ksyt\u00e4\u00e4n kokouksen ty\u00f6j\u00e4rjestys<\/li>\n\n\n\n<li>vahvistetaan toimintasuunnitelma, tulo- ja menoarvio sek\u00e4 j\u00e4senmaksun<br>suuruus seuraavalle kalenterivuodelle<\/li>\n\n\n\n<li>valitaan hallituksen puheenjohtaja joka toinen vuosi ja muut j\u00e4senet s\u00e4\u00e4nt\u00f6jen 6. pyk\u00e4l\u00e4n mukaisesti<\/li>\n\n\n\n<li>valitaan yksi toiminnantarkastaja ja h\u00e4nelle varatoiminnantarkastaja<\/li>\n\n\n\n<li>k\u00e4sitell\u00e4\u00e4n muut kokouskutsussa mainitut asiat<\/li>\n<\/ul>\n\n\n\n<p>Mik\u00e4li yhdistyksen j\u00e4sen haluaa saada jonkin asian yhdistyksen kev\u00e4t- tai<br>syyskokouksen k\u00e4sitelt\u00e4v\u00e4ksi, tulee siit\u00e4 ilmoittaa hallitukselle viimeist\u00e4\u00e4n kaksi<br>viikkoa ennen kokousta.<\/p>\n\n\n\n<h2 class=\"wp-block-heading\">12 S\u00e4\u00e4nt\u00f6jen muuttaminen ja yhdistyksen purkaminen<\/h2>\n\n\n\n<p>P\u00e4\u00e4t\u00f6s s\u00e4\u00e4nt\u00f6jen muuttamisesta ja yhdistyksen purkamisesta on teht\u00e4v\u00e4 yhdistyksen<br>kokouksessa v\u00e4hint\u00e4\u00e4n kolmen nelj\u00e4sosan (3\u20444) enemmist\u00f6ll\u00e4 annetuista \u00e4\u00e4nist\u00e4.<br>Kokouskutsussa on mainittava s\u00e4\u00e4nt\u00f6jen muuttamisesta tai yhdistyksen<br>purkamisesta.<\/p>\n\n\n\n<p>Yhdistyksen purkautuessa yhdistyksen varat k\u00e4ytet\u00e4\u00e4n yhdistyksen tarkoituksen<br>edist\u00e4miseen kokouksen m\u00e4\u00e4r\u00e4\u00e4m\u00e4ll\u00e4 tavalla.<\/p>\n","protected":false},"excerpt":{"rendered":"<p>(Hyv\u00e4ksytty yhdistyksen syyskokouksessa 8.11.2023) 1 Yhdistyksen nimi ja kotipaikka Yhdistyksen nimi on Haukiputaan taideyhdistys ry ja sen kotipaikka on Haukipudas. 2 Tarkoitus ja toiminnan laatu Yhdistyksen tarkoitus on edist\u00e4\u00e4 j\u00e4sentens\u00e4 taiteen harrastus- jakehittymismahdollisuuksia, toimia yhdyssiteen\u00e4 taiteen harrastajien v\u00e4lill\u00e4 sek\u00e4edist\u00e4\u00e4 kanssak\u00e4ymist\u00e4 alan muihin j\u00e4rjest\u00f6ihin ja yhteis\u00f6ihin. Tarkoituksensa toteuttamiseksi yhdistys j\u00e4rjest\u00e4\u00e4 taiden\u00e4yttelyit\u00e4,koulutustilaisuuksia ja j\u00e4senille kulttuurimatkoja sek\u00e4 virkistystilaisuuksia&#8230;<\/p>\n","protected":false},"author":1,"featured_media":0,"parent":0,"menu_order":0,"comment_status":"closed","ping_status":"closed","template":"","meta":{"_kad_post_transparent":"","_kad_post_title":"","_kad_post_layout":"","_kad_post_sidebar_id":"","_kad_post_content_style":"","_kad_post_vertical_padding":"","_kad_post_feature":"","_kad_post_feature_position":"","_kad_post_header":false,"_kad_post_footer":false,"footnotes":""},"class_list":["post-429","page","type-page","status-publish","hentry"],"_links":{"self":[{"href":"http:\/\/haukiputaantaideyhdistys.fi\/index.php?rest_route=\/wp\/v2\/pages\/429","targetHints":{"allow":["GET"]}}],"collection":[{"href":"http:\/\/haukiputaantaideyhdistys.fi\/index.php?rest_route=\/wp\/v2\/pages"}],"about":[{"href":"http:\/\/haukiputaantaideyhdistys.fi\/index.php?rest_route=\/wp\/v2\/types\/page"}],"author":[{"embeddable":true,"href":"http:\/\/haukiputaantaideyhdistys.fi\/index.php?rest_route=\/wp\/v2\/users\/1"}],"replies":[{"embeddable":true,"href":"http:\/\/haukiputaantaideyhdistys.fi\/index.php?rest_route=%2Fwp%2Fv2%2Fcomments&post=429"}],"version-history":[{"count":1,"href":"http:\/\/haukiputaantaideyhdistys.fi\/index.php?rest_route=\/wp\/v2\/pages\/429\/revisions"}],"predecessor-version":[{"id":430,"href":"http:\/\/haukiputaantaideyhdistys.fi\/index.php?rest_route=\/wp\/v2\/pages\/429\/revisions\/430"}],"wp:attachment":[{"href":"http:\/\/haukiputaantaideyhdistys.fi\/index.php?rest_route=%2Fwp%2Fv2%2Fmedia&parent=429"}],"curies":[{"name":"wp","href":"https:\/\/api.w.org\/{rel}","templated":true}]}}