{"id":33,"date":"2022-10-14T19:02:33","date_gmt":"2022-10-14T19:02:33","guid":{"rendered":"http:\/\/haukiputaantaideyhdistys.fi\/?page_id=33"},"modified":"2026-04-21T12:48:29","modified_gmt":"2026-04-21T09:48:29","slug":"linkkeja","status":"publish","type":"page","link":"https:\/\/haukiputaantaideyhdistys.fi\/?page_id=33","title":{"rendered":"Linkkej\u00e4"},"content":{"rendered":"\n<p>Haukiputaan taideyhdistys <a href=\"https:\/\/fi-fi.facebook.com\/haukiputaantaideyhdistys\/\">Facebookissa<\/a><\/p>\n\n\n\n<div class=\"wp-block-columns is-layout-flex wp-container-core-columns-is-layout-9d6595d7 wp-block-columns-is-layout-flex\">\n<div class=\"wp-block-column is-layout-flow wp-block-column-is-layout-flow\">\n<h2 class=\"wp-block-heading\">J\u00e4senten sivuja<\/h2>\n\n\n\n<p><a href=\"http:\/\/www.taidesivut.net\/siskomaatta\/taidemyynti\" target=\"_blank\" rel=\"noreferrer noopener\">Sisko M\u00e4\u00e4tt\u00e4<\/a><\/p>\n\n\n\n<p><a href=\"http:\/\/www.suvimannonen.com\/\">Suvi Mannonen<\/a><\/p>\n\n\n\n<p><a href=\"http:\/\/www.anssi.org\/visualart\/\" target=\"_blank\" rel=\"noreferrer noopener\">Anssi Hanhela<\/a><\/p>\n\n\n\n<p><a href=\"http:\/\/www.kariholma.com\/\" target=\"_blank\" rel=\"noreferrer noopener\">Kari Holma<\/a><\/p>\n\n\n\n<p><a rel=\"noreferrer noopener\" href=\"http:\/\/www.taikamatto.com\/\" target=\"_blank\">Ari Halonen<\/a><\/p>\n<\/div>\n\n\n\n<div class=\"wp-block-column is-layout-flow wp-block-column-is-layout-flow\">\n<h2 class=\"wp-block-heading\"><strong>Yhteisty\u00f6ss\u00e4<\/strong><\/h2>\n\n\n\n<p><a href=\"http:\/\/www.taide-kehysjokela.com\/\" target=\"_blank\" rel=\"noreferrer noopener\">Taide ja Kehys Jokela<\/a><\/p>\n\n\n\n<h2 class=\"wp-block-heading\">Kannatusj\u00e4seni\u00e4<\/h2>\n\n\n\n<p>Galleria 33<\/p>\n\n\n\n<p>Rantapohja<\/p>\n\n\n\n<p>LC Haukipudas\/Kello<\/p>\n\n\n\n<p>Haukiputaan V\u00e4risilm\u00e4<\/p>\n\n\n\n<p>K-Supermarket Revontori<\/p>\n<\/div>\n<\/div>\n","protected":false},"excerpt":{"rendered":"<p>Haukiputaan taideyhdistys Facebookissa J\u00e4senten sivuja Sisko M\u00e4\u00e4tt\u00e4 Suvi Mannonen Anssi Hanhela Kari Holma Ari Halonen Yhteisty\u00f6ss\u00e4 Taide ja Kehys Jokela Kannatusj\u00e4seni\u00e4 Galleria 33 Rantapohja LC Haukipudas\/Kello Haukiputaan V\u00e4risilm\u00e4 K-Supermarket Revontori<\/p>\n","protected":false},"author":1,"featured_media":339,"parent":0,"menu_order":0,"comment_status":"closed","ping_status":"closed","template":"","meta":{"_kad_post_transparent":"","_kad_post_title":"","_kad_post_layout":"","_kad_post_sidebar_id":"","_kad_post_content_style":"","_kad_post_vertical_padding":"","_kad_post_feature":"","_kad_post_feature_position":"","_kad_post_header":false,"_kad_post_footer":false,"footnotes":""},"class_list":["post-33","page","type-page","status-publish","has-post-thumbnail","hentry"],"_links":{"self":[{"href":"https:\/\/haukiputaantaideyhdistys.fi\/index.php?rest_route=\/wp\/v2\/pages\/33","targetHints":{"allow":["GET"]}}],"collection":[{"href":"https:\/\/haukiputaantaideyhdistys.fi\/index.php?rest_route=\/wp\/v2\/pages"}],"about":[{"href":"https:\/\/haukiputaantaideyhdistys.fi\/index.php?rest_route=\/wp\/v2\/types\/page"}],"author":[{"embeddable":true,"href":"https:\/\/haukiputaantaideyhdistys.fi\/index.php?rest_route=\/wp\/v2\/users\/1"}],"replies":[{"embeddable":true,"href":"https:\/\/haukiputaantaideyhdistys.fi\/index.php?rest_route=%2Fwp%2Fv2%2Fcomments&post=33"}],"version-history":[{"count":6,"href":"https:\/\/haukiputaantaideyhdistys.fi\/index.php?rest_route=\/wp\/v2\/pages\/33\/revisions"}],"predecessor-version":[{"id":480,"href":"https:\/\/haukiputaantaideyhdistys.fi\/index.php?rest_route=\/wp\/v2\/pages\/33\/revisions\/480"}],"wp:featuredmedia":[{"embeddable":true,"href":"https:\/\/haukiputaantaideyhdistys.fi\/index.php?rest_route=\/wp\/v2\/media\/339"}],"wp:attachment":[{"href":"https:\/\/haukiputaantaideyhdistys.fi\/index.php?rest_route=%2Fwp%2Fv2%2Fmedia&parent=33"}],"curies":[{"name":"wp","href":"https:\/\/api.w.org\/{rel}","templated":true}]}}